{"id":10,"date":"2025-06-13T02:03:52","date_gmt":"2025-06-12T23:03:52","guid":{"rendered":"https:\/\/foodandcleaning.com\/?page_id=10"},"modified":"2026-02-20T10:10:52","modified_gmt":"2026-02-20T07:10:52","slug":"kripto","status":"publish","type":"page","link":"https:\/\/foodandcleaning.com\/?page_id=10","title":{"rendered":""},"content":{"rendered":"\n<div class=\"wrap kripto-portfolio-admin kripto-portfolio-public\" data-theme=\"default\">\n    <h1>Kripto Para Portf\u00f6y Takibi<\/h1>\n    \n    <div class=\"kripto-portfolio-stats\">\n        <div class=\"stats-loading\">\n            <p>Veriler y\u00fckleniyor...<\/p>\n        <\/div>\n        <div class=\"stats-content\" style=\"display: none;\">\n            <div class=\"stat-box total-value\">\n                <h3>Toplam De\u011fer<\/h3>\n                <p class=\"stat-amount\">$<span id=\"total-current-value\">0<\/span><\/p>\n                <small class=\"tl-equivalent\">\u2248 \u20ba<span id=\"total-current-value-tl\">0<\/span><\/small>\n            <\/div>\n            <div class=\"stat-box total-invested\">\n                <h3>Toplam Yat\u0131r\u0131m<\/h3>\n                <p class=\"stat-amount\">$<span id=\"total-invested\">0<\/span><\/p>\n                <small class=\"tl-equivalent\">\u2248 \u20ba<span id=\"total-invested-tl\">0<\/span><\/small>\n            <\/div>\n            <div class=\"stat-box profit-loss\">\n                <h3>Kar\/Zarar<\/h3>\n                <p class=\"stat-amount profit-loss-amount\">$<span id=\"total-profit-loss\">0<\/span><\/p>\n                <small class=\"tl-equivalent\">\u2248 \u20ba<span id=\"total-profit-loss-tl\">0<\/span><\/small>\n                <small class=\"percentage\">(<span id=\"profit-loss-percentage\">0<\/span>%)<\/small>\n            <\/div>\n        <\/div>\n    <\/div>\n    \n    <div class=\"kripto-portfolio-actions\">\n        <button type=\"button\" class=\"button\" id=\"update-prices-btn\">\n            Fiyatlar\u0131 G\u00fcncelle        <\/button>\n        <button type=\"button\" class=\"button\" id=\"check-api-btn\">\n            API Durumunu Kontrol Et        <\/button>\n        <button type=\"button\" class=\"button\" id=\"export-portfolio-btn\">\n            Portf\u00f6y\u00fc D\u0131\u015fa Aktar        <\/button>\n    <\/div>\n    \n        <!-- Payda\u015f Da\u011f\u0131l\u0131m\u0131 -->\n    <div class=\"stakeholders-section\">\n        <h2>Payda\u015f Da\u011f\u0131l\u0131m\u0131<\/h2>\n        <div class=\"stakeholders-distribution\">\n            <canvas id=\"stakeholders-chart\" width=\"400\" height=\"400\"><\/canvas>\n        <\/div>\n    <\/div>\n        \n        <!-- Portf\u00f6y Tablosu -->\n    <div class=\"portfolio-table-container\">\n        <h2>Portf\u00f6y Detaylar\u0131<\/h2>\n        <table class=\"wp-list-table widefat fixed striped\" id=\"portfolio-table\">\n            <thead>\n                <tr>\n                    <th>Coin<\/th>\n                    <th>Miktar<\/th>\n                    <th>Al\u0131\u015f Fiyat\u0131<\/th>\n                    <th>G\u00fcncel Fiyat<\/th>\n                    <th>Toplam De\u011fer<\/th>\n                    <th>Kar\/Zarar<\/th>\n                <\/tr>\n            <\/thead>\n            <tbody id=\"portfolio-tbody\">\n                <tr>\n                    <td colspan=\"6\" class=\"loading-row\">\n                        Portf\u00f6y y\u00fckleniyor...                    <\/td>\n                <\/tr>\n            <\/tbody>\n        <\/table>\n    <\/div>\n        \n    <div class=\"portfolio-footer\">\n        <small>Son g\u00fcncelleme: <span class=\"last-update\"><\/span><\/small>\n        <small class=\"exchange-rate\">D\u00f6viz kuru: 1 USD = <span class=\"usd-to-tl-rate\">0<\/span> TL<\/small>\n    <\/div>\n    \n    <div class=\"kripto-portfolio-error\" style=\"display: none;\">\n        <p>Portf\u00f6y verileri y\u00fcklenirken hata olu\u015ftu.<\/p>\n    <\/div>\n<\/div>\n\n\n\n\n<p>[kripto_portfolio]<\/p>\n\n\n\n<p><\/p>\n\n\n\n<p>[kripto_portfoy]<\/p>\n\n\n\n<p><\/p>\n","protected":false},"excerpt":{"rendered":"<p>[kripto_portfolio] [kripto_portfoy]<\/p>\n","protected":false},"author":1,"featured_media":0,"parent":0,"menu_order":0,"comment_status":"closed","ping_status":"closed","template":"","meta":{"footnotes":""},"class_list":["post-10","page","type-page","status-publish","hentry"],"_links":{"self":[{"href":"https:\/\/foodandcleaning.com\/index.php?rest_route=\/wp\/v2\/pages\/10","targetHints":{"allow":["GET"]}}],"collection":[{"href":"https:\/\/foodandcleaning.com\/index.php?rest_route=\/wp\/v2\/pages"}],"about":[{"href":"https:\/\/foodandcleaning.com\/index.php?rest_route=\/wp\/v2\/types\/page"}],"author":[{"embeddable":true,"href":"https:\/\/foodandcleaning.com\/index.php?rest_route=\/wp\/v2\/users\/1"}],"replies":[{"embeddable":true,"href":"https:\/\/foodandcleaning.com\/index.php?rest_route=%2Fwp%2Fv2%2Fcomments&post=10"}],"version-history":[{"count":6,"href":"https:\/\/foodandcleaning.com\/index.php?rest_route=\/wp\/v2\/pages\/10\/revisions"}],"predecessor-version":[{"id":99,"href":"https:\/\/foodandcleaning.com\/index.php?rest_route=\/wp\/v2\/pages\/10\/revisions\/99"}],"wp:attachment":[{"href":"https:\/\/foodandcleaning.com\/index.php?rest_route=%2Fwp%2Fv2%2Fmedia&parent=10"}],"curies":[{"name":"wp","href":"https:\/\/api.w.org\/{rel}","templated":true}]}}