{"id":95,"date":"2025-09-08T10:05:44","date_gmt":"2025-09-08T07:05:44","guid":{"rendered":"https:\/\/foodandcleaning.com\/?page_id=95"},"modified":"2025-09-08T10:05:44","modified_gmt":"2025-09-08T07:05:44","slug":"iddia","status":"publish","type":"page","link":"https:\/\/foodandcleaning.com\/?page_id=95","title":{"rendered":"\u0130ddia"},"content":{"rendered":"\n        <div id=\"iddaa-kupon-uretici-app\" style=\"width: 100%; height: auto;\">\n            <div class=\"text-center p-8\">\n                <div class=\"animate-spin inline-block w-8 h-8 border-4 border-current border-t-transparent text-blue-600 rounded-full\"><\/div>\n                <p class=\"mt-2 text-gray-600\">\u0130ddaa Kupon \u00dcretici y\u00fckleniyor...<\/p>\n            <\/div>\n        <\/div>\n        \n\n\n\n<p><\/p>\n","protected":false},"excerpt":{"rendered":"","protected":false},"author":1,"featured_media":0,"parent":0,"menu_order":0,"comment_status":"closed","ping_status":"closed","template":"","meta":{"footnotes":""},"class_list":["post-95","page","type-page","status-publish","hentry"],"_links":{"self":[{"href":"https:\/\/foodandcleaning.com\/index.php?rest_route=\/wp\/v2\/pages\/95","targetHints":{"allow":["GET"]}}],"collection":[{"href":"https:\/\/foodandcleaning.com\/index.php?rest_route=\/wp\/v2\/pages"}],"about":[{"href":"https:\/\/foodandcleaning.com\/index.php?rest_route=\/wp\/v2\/types\/page"}],"author":[{"embeddable":true,"href":"https:\/\/foodandcleaning.com\/index.php?rest_route=\/wp\/v2\/users\/1"}],"replies":[{"embeddable":true,"href":"https:\/\/foodandcleaning.com\/index.php?rest_route=%2Fwp%2Fv2%2Fcomments&post=95"}],"version-history":[{"count":1,"href":"https:\/\/foodandcleaning.com\/index.php?rest_route=\/wp\/v2\/pages\/95\/revisions"}],"predecessor-version":[{"id":96,"href":"https:\/\/foodandcleaning.com\/index.php?rest_route=\/wp\/v2\/pages\/95\/revisions\/96"}],"wp:attachment":[{"href":"https:\/\/foodandcleaning.com\/index.php?rest_route=%2Fwp%2Fv2%2Fmedia&parent=95"}],"curies":[{"name":"wp","href":"https:\/\/api.w.org\/{rel}","templated":true}]}}